{"id":9,"date":"2022-03-29T09:11:31","date_gmt":"2022-03-29T09:11:31","guid":{"rendered":"https:\/\/startersites.io\/blocksy\/cleaning-service\/?page_id=9"},"modified":"2025-05-13T20:52:58","modified_gmt":"2025-05-13T20:52:58","slug":"services","status":"publish","type":"page","link":"https:\/\/bornvending.dk\/index.php\/services\/","title":{"rendered":"Automat service"},"content":{"rendered":"\n<div class=\"wp-block-stackable-columns alignfull stk-block-columns stk-block stk-460b17c stk-block-background\" data-block-id=\"460b17c\"><style>.stk-460b17c {background-color:#ffffff !important;padding-top:300px !important;padding-bottom:150px !important;margin-bottom:0px !important;}.stk-460b17c:before{background-color:#ffffff !important;}@media screen and (max-width:999px){.stk-460b17c {padding-top:250px !important;padding-bottom:100px !important;}}<\/style><div class=\"stk-row stk-inner-blocks stk-block-content stk-content-align stk-460b17c-column\">\n<div class=\"wp-block-stackable-column stk-block-column stk-column stk-block stk-d35fecf\" data-v=\"4\" data-block-id=\"d35fecf\"><style>.stk-d35fecf-container{margin-top:0px !important;margin-right:0px !important;margin-bottom:0px !important;margin-left:0px !important;}.stk-d35fecf {max-width:900px !important;min-width:auto !important;margin-right:auto !important;margin-left:auto !important;}<\/style><div class=\"stk-column-wrapper stk-block-column__content stk-container stk-d35fecf-container stk--no-background stk--no-padding\"><div class=\"stk-block-content stk-inner-blocks stk-d35fecf-inner-blocks\">\n<div class=\"wp-block-stackable-heading stk-block-heading stk-block-heading--v2 stk-block stk-8b0ceb4\" id=\"automat-service\" data-block-id=\"8b0ceb4\"><style>.stk-8b0ceb4 .stk-block-heading__text{font-size:70px !important;color:var(--theme-palette-color-4, #0a0500) !important;}@media screen and (max-width:999px){.stk-8b0ceb4 .stk-block-heading__text{font-size:40px !important;}}@media screen and (max-width:689px){.stk-8b0ceb4 .stk-block-heading__text{font-size:35px !important;}}<\/style><h2 class=\"stk-block-heading__text has-text-color has-palette-color-8-color has-text-align-center\">Automat service<\/h2><\/div>\n<\/div><\/div><\/div>\n<\/div><\/div>\n\n\n\n<div class=\"wp-block-stackable-text stk-block-text stk-block stk-ffd33bd\" id=\"house-cleaning\" data-block-id=\"ffd33bd\"><style>.stk-ffd33bd {margin-bottom:15px !important;}.stk-ffd33bd .stk-block-text__text{font-size:18px !important;font-weight:700 !important;}@media screen and (max-width:999px){.stk-ffd33bd {margin-bottom:10px !important;}.stk-ffd33bd .stk-block-text__text{font-size:15px !important;}}<\/style><p class=\"stk-block-text__text has-text-align-center\"><\/p><\/div>\n\n\n\n<div class=\"wp-block-stackable-spacer stk-block-spacer stk--no-padding stk-block stk-e77220a\" data-block-id=\"e77220a\"><style>.stk-e77220a {height:100px !important;}@media screen and (max-width:999px){.stk-e77220a {height:70px !important;}}<\/style><\/div>\n\n\n\n<div class=\"wp-block-stackable-columns alignfull stk-block-columns stk-block stk-5fc78ed stk-block-background\" data-block-id=\"5fc78ed\"><style>.stk-5fc78ed {background-color:var(--theme-palette-color-4, #0a0500) !important;padding-top:100px !important;padding-bottom:100px !important;margin-bottom:0px !important;}.stk-5fc78ed:before{background-color:var(--theme-palette-color-4, #0a0500) !important;}.stk-5fc78ed-column{--stk-column-gap:150px !important;row-gap:50px !important;}@media screen and (max-width:999px){.stk-5fc78ed {padding-top:70px !important;padding-bottom:70px !important;}}<\/style><div class=\"stk-row stk-inner-blocks stk-block-content stk-content-align stk-5fc78ed-column\">\n<div class=\"wp-block-stackable-column stk-block-column stk-column stk-block stk-7c390fc\" data-v=\"4\" data-block-id=\"7c390fc\"><style>.stk-7c390fc-container{margin-top:0px !important;margin-right:0px !important;margin-bottom:0px !important;margin-left:0px !important;}.stk-7c390fc {align-self:center !important;}@media screen and (min-width:690px){.stk-7c390fc {flex:var(--stk-flex-grow, 1) 1 calc(45% - var(--stk-column-gap, 0px) * 1 \/ 2 ) !important;}}@media screen and (min-width:690px) and (max-width:999px){.stk-7c390fc {flex:var(--stk-flex-grow, 1) 1 calc(100% - var(--stk-column-gap, 0px) * 0 \/ 1 ) !important;}}<\/style><div class=\"stk-column-wrapper stk-block-column__content stk-container stk-7c390fc-container stk--no-background stk--no-padding\"><div class=\"stk-block-content stk-inner-blocks stk-7c390fc-inner-blocks\">\n<div class=\"wp-block-stackable-heading stk-block-heading stk-block-heading--v2 stk-block stk-561785f\" id=\"hvad-kan-vi\" data-block-id=\"561785f\"><style>.stk-561785f {margin-bottom:20px !important;}.stk-561785f .stk-block-heading__text{color:var(--theme-palette-color-8, #ffffff) !important;}@media screen and (max-width:999px){.stk-561785f .stk-block-heading__text{font-size:30px !important;}}@media screen and (max-width:689px){.stk-561785f .stk-block-heading__text{font-size:25px !important;}}<\/style><h2 class=\"stk-block-heading__text has-text-color has-palette-color-8-color has-text-align-center-tablet\">Hvad kan vi?<\/h2><\/div>\n\n\n\n<div class=\"wp-block-stackable-text stk-block-text stk-block stk-4a2f62c\" data-block-id=\"4a2f62c\"><style>.stk-4a2f62c {margin-bottom:60px !important;}.stk-4a2f62c .stk-block-text__text{color:var(--theme-palette-color-8, #ffffff) !important;}<\/style><p class=\"stk-block-text__text has-text-color has-palette-color-8-color has-text-align-center-tablet\">Bornvending tilbyder gratis ops\u00e6tning og service af salgsautomater med snacks og drikkevarer. Vi leverer fast, holder automaterne fyldte og klar &#8211; helt uden besv\u00e6r.<br>Salgsautomaterne er udstyret med kontaktl\u00f8s betalingsmuligheder.<br><br>Perfekt til virksomheder, skoler, fitnesscentre og foreninger.<br>Udover str\u00f8m, s\u00f8rger vi for det hele &#8211; I nyder bare udvalget<\/p><\/div>\n<\/div><\/div><\/div>\n\n\n\n<div class=\"wp-block-stackable-column stk-block-column stk-column stk-block stk-c00eecf\" data-v=\"4\" data-block-id=\"c00eecf\"><style>.stk-c00eecf-container{margin-top:0px !important;margin-right:0px !important;margin-bottom:0px !important;margin-left:0px !important;}@media screen and (min-width:690px){.stk-c00eecf {flex:var(--stk-flex-grow, 1) 1 calc(55% - var(--stk-column-gap, 0px) * 1 \/ 2 ) !important;}}@media screen and (min-width:690px) and (max-width:999px){.stk-c00eecf {flex:var(--stk-flex-grow, 1) 1 calc(100% - var(--stk-column-gap, 0px) * 0 \/ 1 ) !important;}}<\/style><div class=\"stk-column-wrapper stk-block-column__content stk-container stk-c00eecf-container stk--no-background stk--no-padding\"><div class=\"stk-block-content stk-inner-blocks stk-c00eecf-inner-blocks\">\n<div class=\"wp-block-stackable-image stk-block-image stk-block stk-44cb3e8\" data-block-id=\"44cb3e8\"><style>.stk-44cb3e8 .stk-img-wrapper{width:75% !important;height:648px !important;}@media screen and (max-width:999px){.stk-44cb3e8 .stk-img-wrapper{height:400px !important;}}<\/style><figure><span class=\"stk-img-wrapper stk-image--shape-stretch\"><img loading=\"lazy\" decoding=\"async\" class=\"stk-img wp-image-655\" src=\"http:\/\/bornvending.dk\/wp-content\/uploads\/2025\/05\/denny-muller-In51lypcCDA-unsplash-scaled.jpg\" width=\"1707\" height=\"2560\" srcset=\"https:\/\/bornvending.dk\/wp-content\/uploads\/2025\/05\/denny-muller-In51lypcCDA-unsplash-scaled.jpg 1707w, https:\/\/bornvending.dk\/wp-content\/uploads\/2025\/05\/denny-muller-In51lypcCDA-unsplash-200x300.jpg 200w, https:\/\/bornvending.dk\/wp-content\/uploads\/2025\/05\/denny-muller-In51lypcCDA-unsplash-683x1024.jpg 683w, https:\/\/bornvending.dk\/wp-content\/uploads\/2025\/05\/denny-muller-In51lypcCDA-unsplash-768x1152.jpg 768w, https:\/\/bornvending.dk\/wp-content\/uploads\/2025\/05\/denny-muller-In51lypcCDA-unsplash-1024x1536.jpg 1024w, https:\/\/bornvending.dk\/wp-content\/uploads\/2025\/05\/denny-muller-In51lypcCDA-unsplash-1365x2048.jpg 1365w\" sizes=\"auto, (max-width: 1707px) 100vw, 1707px\" \/><\/span><\/figure><\/div>\n<\/div><\/div><\/div>\n<\/div><\/div>\n\n\n\n<div class=\"wp-block-stackable-spacer stk-block-spacer stk--no-padding stk-block stk-342a413\" data-block-id=\"342a413\"><style>.stk-342a413 {height:100px !important;}@media screen and (max-width:999px){.stk-342a413 {height:70px !important;}}<\/style><\/div>\n\n\n\n<div class=\"wp-block-stackable-spacer stk-block-spacer stk--no-padding stk-block stk-4332fa2\" data-block-id=\"4332fa2\"><style>.stk-4332fa2 {height:0px !important;}@media screen and (max-width:999px){.stk-4332fa2 {height:70px !important;}}<\/style><\/div>\n\n\n<div class=\"wpforms-container wpforms-block wpforms-block-e8934b9b-da24-4342-b082-fedc190c7ffa ct-wpforms-inline-fields wpforms-render-modern\" id=\"wpforms-69\"><form id=\"wpforms-form-69\" class=\"wpforms-validate wpforms-form wpforms-ajax-form\" data-formid=\"69\" method=\"post\" enctype=\"multipart\/form-data\" action=\"\/index.php\/wp-json\/wp\/v2\/pages\/9\" data-token=\"5b430f2e277053cc7dd75317c3557268\" data-token-time=\"1776908756\"><noscript class=\"wpforms-error-noscript\">Please enable JavaScript in your browser to complete this form.<\/noscript><div class=\"wpforms-hidden\" id=\"wpforms-error-noscript\">Please enable JavaScript in your browser to complete this form.<\/div><div class=\"wpforms-field-container\"><div id=\"wpforms-69-field_2-container\" class=\"wpforms-field wpforms-field-name\" data-field-id=\"2\"><label class=\"wpforms-field-label wpforms-label-hide\" for=\"wpforms-69-field_2\" aria-hidden=\"false\">Navn <span class=\"wpforms-required-label\" aria-hidden=\"true\">*<\/span><\/label><input type=\"text\" id=\"wpforms-69-field_2\" class=\"wpforms-field-large wpforms-field-required\" name=\"wpforms[fields][2]\" placeholder=\"Navn \/ virksomhed\" aria-errormessage=\"wpforms-69-field_2-error\" required><\/div><div id=\"wpforms-69-field_5-container\" class=\"wpforms-field wpforms-field-text\" data-field-id=\"5\"><label class=\"wpforms-field-label wpforms-label-hide\" for=\"wpforms-69-field_5\" aria-hidden=\"false\">Telefon og\/eller mail <span class=\"wpforms-required-label\" aria-hidden=\"true\">*<\/span><\/label><input type=\"text\" id=\"wpforms-69-field_5\" class=\"wpforms-field-large wpforms-field-required\" name=\"wpforms[fields][5]\" placeholder=\"Telefon \/ mail adr.\" aria-errormessage=\"wpforms-69-field_5-error\" required><\/div><div id=\"wpforms-69-field_6-container\" class=\"wpforms-field wpforms-field-select wpforms-field-select-style-classic\" data-field-id=\"6\"><label class=\"wpforms-field-label wpforms-label-hide\" for=\"wpforms-69-field_6\" aria-hidden=\"false\">Service <span class=\"wpforms-required-label\" aria-hidden=\"true\">*<\/span><\/label><select id=\"wpforms-69-field_6\" class=\"wpforms-field-large wpforms-field-required\" name=\"wpforms[fields][6]\" required=\"required\"><option value=\"\" class=\"placeholder\" disabled  selected='selected'>V\u00e6lg servicetype<\/option><option value=\"Opstilling af automater\" >Opstilling af automater<\/option><option value=\"Fast levering af varer\" >Fast levering af varer<\/option><\/select><\/div><\/div><!-- .wpforms-field-container --><div class=\"wpforms-submit-container\" ><input type=\"hidden\" name=\"wpforms[id]\" value=\"69\"><input type=\"hidden\" name=\"page_title\" value=\"\"><input type=\"hidden\" name=\"page_url\" value=\"https:\/\/bornvending.dk\/index.php\/wp-json\/wp\/v2\/pages\/9\"><input type=\"hidden\" name=\"url_referer\" value=\"\"><button type=\"submit\" name=\"wpforms[submit]\" id=\"wpforms-submit-69\" class=\"wpforms-submit\" data-alt-text=\"Sending...\" data-submit-text=\"Send anmodning\" aria-live=\"assertive\" value=\"wpforms-submit\">Send anmodning<\/button><img loading=\"lazy\" decoding=\"async\" src=\"https:\/\/bornvending.dk\/wp-content\/plugins\/wpforms-lite\/assets\/images\/submit-spin.svg\" class=\"wpforms-submit-spinner\" style=\"display: none;\" width=\"26\" height=\"26\" alt=\"Loading\"><\/div><\/form><\/div>  <!-- .wpforms-container -->\n\n\n<div class=\"wp-block-stackable-spacer stk-block-spacer stk--no-padding stk-block stk-cb2f0b0\" data-block-id=\"cb2f0b0\"><style>.stk-cb2f0b0 {height:100px !important;}<\/style><\/div>\n","protected":false},"excerpt":{"rendered":"<p>Automat service Hvad kan vi? Bornvending tilbyder gratis ops\u00e6tning og service af salgsautomater med snacks og drikkevarer. Vi leverer fast, holder automaterne fyldte og klar &#8211; helt uden besv\u00e6r.Salgsautomaterne er udstyret med kontaktl\u00f8s betalingsmuligheder. Perfekt til virksomheder, skoler, fitnesscentre og foreninger.Udover str\u00f8m, s\u00f8rger vi for det hele &#8211; I nyder bare udvalget<\/p>\n","protected":false},"author":1,"featured_media":0,"parent":0,"menu_order":0,"comment_status":"closed","ping_status":"closed","template":"","meta":{"footnotes":""},"class_list":["post-9","page","type-page","status-publish","hentry"],"blocksy_meta":{"styles_descriptor":{"styles":{"desktop":"","tablet":"","mobile":""},"google_fonts":[],"version":6},"page_title_panel":"","has_hero_section":"disabled","0fa4e1218e27d8aed3052443ada80200":"","hero_section":"type-1","hero_elements":[{"id":"custom_title","enabled":true,"heading_tag":"h1","title":"Home"},{"id":"custom_description","enabled":true,"description_visibility":{"desktop":true,"tablet":true,"mobile":false}},{"id":"custom_meta","enabled":false,"meta_elements":[{"id":"author","enabled":true,"label":"By","has_author_avatar":"yes","avatar_size":25},{"id":"post_date","enabled":true,"label":"On","date_format_source":"default","date_format":"M j, Y"},{"id":"updated_date","enabled":false,"label":"On","date_format_source":"default","date_format":"M j, Y"},{"id":"categories","enabled":false,"label":"In","style":"simple"},{"id":"comments","enabled":true}],"page_meta_elements":{"joined":true,"articles_count":true,"comments":true}},{"id":"breadcrumbs","enabled":false}],"51521a7c38c1c996c14247898d9d7fe3":"","hero_alignment1":"CT_CSS_SKIP_RULE","hero_margin":40,"hero_alignment2":"center","hero_vertical_alignment":"center","2bc015fafc2dc870d98702bdd932f751":"","hero_structure":"narrow","e25e8d2af42f9ebf88781ccc5b61ace6":"","page_title_bg_type":"featured_image","custom_hero_background":{"attachment_id":null},"page_title_image_size":"full","parallax":{"desktop":false,"tablet":false,"mobile":false},"fea6f59d367d128f8611865e0768a444":"","hero_height":"250px","pageTitleFont":{"family":"Default","variation":"Default","size":"30px","line-height":"CT_CSS_SKIP_RULE","letter-spacing":"CT_CSS_SKIP_RULE","text-transform":"CT_CSS_SKIP_RULE","text-decoration":"CT_CSS_SKIP_RULE"},"pageTitleFontColor":{"default":{"color":"CT_CSS_SKIP_RULEDEFAULT"}},"pageMetaFont":{"family":"Default","variation":"n6","size":"12px","line-height":"1.3","letter-spacing":"CT_CSS_SKIP_RULE","text-transform":"uppercase","text-decoration":"CT_CSS_SKIP_RULE"},"pageMetaFontColor":{"default":{"color":"CT_CSS_SKIP_RULEDEFAULT"},"hover":{"color":"CT_CSS_SKIP_RULEDEFAULT"}},"page_meta_button_type_font_colors":{"default":{"color":"CT_CSS_SKIP_RULEDEFAULT"},"hover":{"color":"CT_CSS_SKIP_RULEDEFAULT"}},"page_meta_button_type_background_colors":{"default":{"color":"CT_CSS_SKIP_RULEDEFAULT"},"hover":{"color":"CT_CSS_SKIP_RULEDEFAULT"}},"pageExcerptFont":{"family":"Default","variation":"Default","size":"CT_CSS_SKIP_RULE","line-height":"CT_CSS_SKIP_RULE","letter-spacing":"CT_CSS_SKIP_RULE","text-transform":"CT_CSS_SKIP_RULE","text-decoration":"CT_CSS_SKIP_RULE"},"pageExcerptColor":{"default":{"color":"CT_CSS_SKIP_RULEDEFAULT"}},"breadcrumbsFont":{"family":"Default","variation":"Default","size":"CT_CSS_SKIP_RULE","line-height":"CT_CSS_SKIP_RULE","letter-spacing":"CT_CSS_SKIP_RULE","text-transform":"CT_CSS_SKIP_RULE","text-decoration":"CT_CSS_SKIP_RULE"},"breadcrumbsFontColor":{"default":{"color":"CT_CSS_SKIP_RULEDEFAULT"},"initial":{"color":"CT_CSS_SKIP_RULEDEFAULT"},"hover":{"color":"CT_CSS_SKIP_RULEDEFAULT"}},"pageTitleOverlay":{"background_type":"color","background_pattern":"type-1","background_image":{"attachment_id":null,"x":0,"y":0},"gradient":"linear-gradient(135deg,rgba(6,147,227,1) 0%,rgb(155,81,224) 100%)","background_repeat":"repeat","background_size":"auto","background_attachment":"scroll","patternColor":{"default":{"color":"#e5e7ea"}},"overlayColor":{"default":{"color":"CT_CSS_SKIP_RULE"}},"backgroundColor":{"default":{"color":"CT_CSS_SKIP_RULE"}}},"pageTitleBackground":{"background_type":"color","background_pattern":"type-1","background_image":{"attachment_id":null,"x":0,"y":0},"gradient":"linear-gradient(135deg,rgba(6,147,227,1) 0%,rgb(155,81,224) 100%)","background_repeat":"repeat","background_size":"auto","background_attachment":"scroll","patternColor":{"default":{"color":"#e5e7ea"}},"overlayColor":{"default":{"color":"CT_CSS_SKIP_RULE"}},"backgroundColor":{"default":{"color":"var(--theme-palette-color-6)"}}},"pageTitlePadding":{"top":"50px","bottom":"50px","left":"auto","right":"auto","linked":true},"73f4114907b24beb8ed5f708747f2d9f":"","page_structure_type":"default","b626774914cf01377c8f1592e57d3895":"","content_style_source":"inherit","content_style":"wide","vertical_spacing_source":"custom","content_area_spacing":"none","background":{"background_type":"color","background_pattern":"type-1","background_image":{"attachment_id":null,"x":0,"y":0},"gradient":"linear-gradient(135deg,rgba(6,147,227,1) 0%,rgb(155,81,224) 100%)","background_repeat":"repeat","background_size":"auto","background_attachment":"scroll","patternColor":{"default":{"color":"#e5e7ea"}},"overlayColor":{"default":{"color":"CT_CSS_SKIP_RULE"}},"backgroundColor":{"default":{"color":"CT_CSS_SKIP_RULE"}}},"content_background":{"background_type":"color","background_pattern":"type-1","background_image":{"attachment_id":null,"x":0,"y":0},"gradient":"linear-gradient(135deg,rgba(6,147,227,1) 0%,rgb(155,81,224) 100%)","background_repeat":"repeat","background_size":"auto","background_attachment":"scroll","patternColor":{"default":{"color":"#e5e7ea"}},"overlayColor":{"default":{"color":"CT_CSS_SKIP_RULE"}},"backgroundColor":{"default":{"color":"var(--theme-palette-color-8)"}}},"content_boxed_shadow":{"inherit":false,"blur":18,"spread":-6,"v_offset":12,"h_offset":0,"inset":false,"enable":true,"color":{"color":"rgba(34, 56, 101, 0.04)"}},"boxed_content_spacing":{"desktop":{"top":"40px","bottom":"40px","left":"40px","right":"40px","linked":true},"tablet":{"top":"35px","bottom":"35px","left":"35px","right":"35px","linked":true},"mobile":{"top":"20px","bottom":"20px","left":"20px","right":"20px","linked":true}},"content_boxed_radius":{"top":"3px","bottom":"3px","left":"3px","right":"3px","linked":true},"8f26b7b44db953546fa2eb5d5286d9e0":"","disable_featured_image":"no","disable_share_box":"no","disable_header":"no","disable_footer":"no"},"_links":{"self":[{"href":"https:\/\/bornvending.dk\/index.php\/wp-json\/wp\/v2\/pages\/9","targetHints":{"allow":["GET"]}}],"collection":[{"href":"https:\/\/bornvending.dk\/index.php\/wp-json\/wp\/v2\/pages"}],"about":[{"href":"https:\/\/bornvending.dk\/index.php\/wp-json\/wp\/v2\/types\/page"}],"author":[{"embeddable":true,"href":"https:\/\/bornvending.dk\/index.php\/wp-json\/wp\/v2\/users\/1"}],"replies":[{"embeddable":true,"href":"https:\/\/bornvending.dk\/index.php\/wp-json\/wp\/v2\/comments?post=9"}],"version-history":[{"count":5,"href":"https:\/\/bornvending.dk\/index.php\/wp-json\/wp\/v2\/pages\/9\/revisions"}],"predecessor-version":[{"id":657,"href":"https:\/\/bornvending.dk\/index.php\/wp-json\/wp\/v2\/pages\/9\/revisions\/657"}],"wp:attachment":[{"href":"https:\/\/bornvending.dk\/index.php\/wp-json\/wp\/v2\/media?parent=9"}],"curies":[{"name":"wp","href":"https:\/\/api.w.org\/{rel}","templated":true}]}}